{"id":3037,"date":"2026-02-02T11:46:37","date_gmt":"2026-02-02T16:46:37","guid":{"rendered":"https:\/\/christthekingsecretarialschool.com\/?page_id=3037"},"modified":"2026-02-02T13:13:31","modified_gmt":"2026-02-02T18:13:31","slug":"inscriptions-annee-scolaire-2026-2027","status":"publish","type":"page","link":"https:\/\/christthekingsecretarialschool.com\/?page_id=3037","title":{"rendered":"Inscriptions Ann\u00e9e Scolaire 2026- 2027"},"content":{"rendered":"\n<div class=\"wp-block-cover alignfull\" style=\"border-style:none;border-width:0px;margin-top:0;margin-bottom:0;padding-top:1rem;padding-right:1rem;padding-bottom:5rem;padding-left:1em;min-height:500px;aspect-ratio:unset;\"><img fetchpriority=\"high\" decoding=\"async\" width=\"1024\" height=\"552\" class=\"wp-block-cover__image-background wp-image-2628 size-large\" alt=\"\" src=\"https:\/\/christthekingsecretarialschool.com\/wp-content\/uploads\/2025\/12\/aa91eeefc286284afb65295138e2c556-2-1024x552.jpg\" data-object-fit=\"cover\" srcset=\"https:\/\/christthekingsecretarialschool.com\/wp-content\/uploads\/2025\/12\/aa91eeefc286284afb65295138e2c556-2-1024x552.jpg 1024w, https:\/\/christthekingsecretarialschool.com\/wp-content\/uploads\/2025\/12\/aa91eeefc286284afb65295138e2c556-2-300x162.jpg 300w, https:\/\/christthekingsecretarialschool.com\/wp-content\/uploads\/2025\/12\/aa91eeefc286284afb65295138e2c556-2-768x414.jpg 768w, https:\/\/christthekingsecretarialschool.com\/wp-content\/uploads\/2025\/12\/aa91eeefc286284afb65295138e2c556-2.jpg 1200w\" sizes=\"(max-width: 1024px) 100vw, 1024px\" \/><span aria-hidden=\"true\" class=\"wp-block-cover__background has-black-background-color has-background-dim-10 has-background-dim\"><\/span><div class=\"wp-block-cover__inner-container is-layout-flow wp-block-cover-is-layout-flow\">\n<div class=\"wp-block-group\"><div class=\"wp-block-group__inner-container is-layout-constrained wp-container-core-group-is-layout-48c9aa2a wp-block-group-is-layout-constrained\">\n<div class=\"wp-block-group has-background has-inter-font-family is-vertical is-layout-flex wp-container-core-group-is-layout-c8693200 wp-block-group-is-layout-flex\" style=\"background-color:#e9f0f230;min-height:33rem;margin-top:0px;margin-bottom:0px;padding-top:0rem;padding-right:0rem;padding-bottom:0rem;padding-left:0rem\">\n<div class=\"wp-block-group is-content-justification-center\" style=\"margin-top:0px;margin-bottom:0px;padding-top:0px;padding-right:0px;padding-bottom:0px;padding-left:0px\"><div class=\"wp-block-group__inner-container is-layout-constrained wp-container-core-group-is-layout-63baca43 wp-block-group-is-layout-constrained\">\n<h2 class=\"wp-block-heading has-text-align-left has-black-color has-text-color has-background\" style=\"background-color:#e9e4dc;font-size:1.9em;font-style:normal;font-weight:400\"><strong>Bienvenue et<br>bonne chance \u00e0<br>toutes les<br>candidates !<\/strong><\/h2>\n\n\n\n<p class=\"has-text-align-left has-black-color has-text-color has-background\" style=\"background-color:#e9e4dc;font-size:1rem\"><\/p>\n\n\n\n<div class=\"wp-block-buttons has-custom-font-size is-layout-flex wp-block-buttons-is-layout-flex\" style=\"margin-top:1.7rem;margin-bottom:0px;font-size:1.1rem\"><\/div>\n<\/div><\/div>\n<\/div>\n<\/div><\/div>\n<\/div><\/div>\n\n\n\n<div class=\"wp-block-group alignfull\" id=\"\u00c0-PROPOS\"><div class=\"wp-block-group__inner-container is-layout-constrained wp-block-group-is-layout-constrained\">\n<div class=\"wp-block-group alignfull has-background\" style=\"background-color:#e9e4dc;margin-top:0;margin-bottom:0;padding-top:7.01rem;padding-right:1.01rem;padding-bottom:7.01rem;padding-left:1.01rem\"><div class=\"wp-block-group__inner-container is-layout-constrained wp-container-core-group-is-layout-8d369602 wp-block-group-is-layout-constrained\">\n<div class=\"wp-block-columns is-layout-flex wp-container-core-columns-is-layout-9d6595d7 wp-block-columns-is-layout-flex\">\n<div class=\"wp-block-column is-layout-flow wp-block-column-is-layout-flow\"><div class=\"wp-block-image\">\n<figure class=\"aligncenter size-full is-resized\"><img decoding=\"async\" width=\"533\" height=\"800\" src=\"https:\/\/christthekingsecretarialschool.com\/wp-content\/uploads\/2025\/12\/3d3ac8e628cb877e4b8f4f3050bdd7ef.jpg\" alt=\"\" class=\"wp-image-2793\" style=\"aspect-ratio:0.6662370026639168;width:298px;height:auto\" srcset=\"https:\/\/christthekingsecretarialschool.com\/wp-content\/uploads\/2025\/12\/3d3ac8e628cb877e4b8f4f3050bdd7ef.jpg 533w, https:\/\/christthekingsecretarialschool.com\/wp-content\/uploads\/2025\/12\/3d3ac8e628cb877e4b8f4f3050bdd7ef-200x300.jpg 200w\" sizes=\"(max-width: 533px) 100vw, 533px\" \/><\/figure>\n<\/div><\/div>\n\n\n\n<div class=\"wp-block-column is-layout-flow wp-block-column-is-layout-flow\" style=\"padding-left:2.01rem\">\n<div id=\"\u00c0-PROPOS\" class=\"wp-block-group is-vertical is-content-justification-left is-nowrap is-layout-flex wp-container-core-group-is-layout-75529cce wp-block-group-is-layout-flex\" style=\"min-height:100%\">\n<h2 class=\"wp-block-heading has-text-align-left has-text-color\" style=\"color:#3a3a3a;font-size:2.26rem;font-style:normal;font-weight:400\"><strong>Dates des Inscriptions<\/strong><\/h2>\n\n\n\n<p class=\"has-text-color\" style=\"color:#3a3a3a;font-size:1.13rem\">Les samedis : 11 avril 2026<br>18 avril 2026<br>25 avril 2026<br>09 mai 2026<br>16 mai 2026<br>Heures : De 8h00 A.M \u00e0 12h00 P.M<\/p>\n\n\n\n<h4 class=\"wp-block-heading has-text-color\" style=\"color:#3a3a3a;margin-top:2.01rem;font-size:1.77rem;font-style:normal;font-weight:400\">Conditions<\/h4>\n\n\n\n<ul class=\"wp-block-list\">\n<li>La candidate ne doit \u00eatre ni mari\u00e9e ni avoir d\u2019enfants.<\/li>\n\n\n\n<li>La candidate \u00e2g\u00e9e de moins de 18 ans doit pr\u00e9senter une lettre d\u2019appui de ses parents.<\/li>\n\n\n\n<li><strong>Remarques<\/strong> : Le port du tailleur est obligatoire \u00e0 tous les rendez-vous de l\u2019\u00e9tablissement.<\/li>\n<\/ul>\n<\/div>\n<\/div>\n<\/div>\n<\/div><\/div>\n<\/div><\/div>\n\n\n\n<div class=\"wp-block-group alignfull\" style=\"min-height:0px;margin-top:0px;margin-bottom:0px;padding-top:1rem;padding-right:1rem;padding-bottom:1rem;padding-left:1rem\"><div class=\"wp-block-group__inner-container is-layout-constrained wp-container-core-group-is-layout-8ccd611f wp-block-group-is-layout-constrained\">\n<div class=\"wp-block-columns has-text-color has-inter-font-family is-layout-flex wp-container-core-columns-is-layout-edbcfc1c wp-block-columns-is-layout-flex\" style=\"color:#141414;margin-top:0px;margin-bottom:0px;padding-top:4rem;padding-right:0px;padding-bottom:6rem;padding-left:0px\">\n<div class=\"wp-block-column is-layout-flow wp-block-column-is-layout-flow\" style=\"padding-top:2rem;padding-right:1rem;padding-bottom:0rem;padding-left:0px;flex-basis:50%\">\n<h2 class=\"wp-block-heading has-text-color has-link-color wp-elements-eb0b26d5f3319ab4411ef54639e81411\" style=\"color:#3a3a3a;font-size:2.3rem\"><strong>Pi\u00e8ces Requises<\/strong><\/h2>\n\n\n\n<ol class=\"wp-block-list\">\n<li>Une lettre de r\u00e9f\u00e9rence de la derni\u00e8re \u00e9cole fr\u00e9quent\u00e9e (Originale et photocopie) et un certificat de bonne vie et m\u0153urs.<\/li>\n\n\n\n<li> Acte de naissance ou Extrait d\u2019archives (original et photocopie).<\/li>\n\n\n\n<li>Relev\u00e9 de notes des examens officiels du NS4, \u00e9mis par le MENJS et Certificat de Bac II<\/li>\n\n\n\n<li>Relev\u00e9s de Notes NS3 et NS4 \u00e9mis par l\u2019\u00e9cole.<\/li>\n\n\n\n<li>Deux (2) photos d\u2019identification de date r\u00e9cente en couleur (pas de remise de photos).<\/li>\n\n\n\n<li>Carte d\u2019identit\u00e9 et matricule fiscale.<\/li>\n\n\n\n<li>Lettre de motivation.<\/li>\n<\/ol>\n<\/div>\n\n\n\n<div class=\"wp-block-column is-layout-flow wp-block-column-is-layout-flow\" style=\"padding-top:2em;padding-right:0px;padding-bottom:0px;padding-left:1rem;flex-basis:30%\">\n<h2 class=\"wp-block-heading has-text-color\" style=\"color:#3a3a3a;font-size:1.1rem;text-transform:none\"><strong>Examen d\u2019admission<\/strong><\/h2>\n\n\n\n<h2 class=\"wp-block-heading has-text-color\" style=\"color:#3a3a3a;font-size:1.01rem\"><strong>Entrevue<\/strong><\/h2>\n\n\n\n<details class=\"wp-block-details is-layout-flow wp-block-details-is-layout-flow\" open><summary>La candidate subira des entrevues<br>orales en fran\u00e7ais et en anglais le<br>jour des inscriptions.<\/summary>\n<p><\/p>\n<\/details>\n\n\n\n<p class=\"has-text-color\" style=\"color:#3a3a3a;font-size:1.01rem\"><strong>Samedi 30 mai 2026<\/strong><\/p>\n\n\n\n<h2 class=\"wp-block-heading has-text-color\" style=\"color:#3a3a3a;font-size:1.01rem\"><strong>Tests \u00e9crits<\/strong><\/h2>\n\n\n\n<ul class=\"wp-block-list\">\n<li>Fran\u00e7ais et Anglais \u00e0 partir de 8h00A.M<\/li>\n<\/ul>\n\n\n\n<hr class=\"wp-block-separator has-text-color has-alpha-channel-opacity has-background is-style-wide\" style=\"margin-top:1rem;margin-bottom:1rem;background-color:#d0cbc2;color:#d0cbc2\"\/>\n\n\n\n<details class=\"wp-block-details is-layout-flow wp-block-details-is-layout-flow\"><summary><strong>NB : <\/strong>La candidate subira des entrevues<br>orales en fran\u00e7ais et en anglais le<br>jour des inscriptions.<\/summary>\n<p><\/p>\n<\/details>\n\n\n\n<p class=\"has-text-color has-link-color wp-elements-387a0fa223e05b2ba4a153d4a409e8a4\" style=\"color:#3a3a3a;font-size:1.01rem\"><\/p>\n<\/div>\n<\/div>\n<\/div><\/div>\n\n\n\n<section class=\"wp-block-group alignfull has-background\" style=\"border-style:none;border-width:0px;background-color:#e9e4dc;margin-top:0px;padding-top:5.5rem;padding-right:1rem;padding-bottom:5rem;padding-left:1rem;font-size:1.13rem;font-style:normal;font-weight:400;line-height:1.4\"><div class=\"wp-block-group__inner-container is-layout-constrained wp-container-core-group-is-layout-9137e41b wp-block-group-is-layout-constrained\">\n<div class=\"wp-block-group is-content-justification-center\" style=\"margin-top:0px;line-height:0.5\"><div class=\"wp-block-group__inner-container is-layout-constrained wp-container-core-group-is-layout-7f0df77c wp-block-group-is-layout-constrained\">\n<h3 class=\"wp-block-heading has-text-align-center has-text-color\" style=\"color:#141e31;margin-bottom:0rem;font-size:1.8rem;font-style:normal;font-weight:200;line-height:1;text-transform:uppercase\">Proclamation des r\u00e9sultats<\/h3>\n\n\n<div class=\"wp-block-image\">\n<figure class=\"aligncenter size-full is-resized\"><img decoding=\"async\" src=\"https:\/\/tyler.com\/wp-content\/uploads\/2023\/11\/stone-line3.svg\" alt=\"\" class=\"wp-image-1471\" style=\"aspect-ratio:35.10548523206751;width:702px;height:auto\"\/><\/figure>\n<\/div><\/div><\/div>\n\n\n\n<div class=\"wp-block-columns is-layout-flex wp-container-core-columns-is-layout-b0650b9c wp-block-columns-is-layout-flex\" style=\"margin-top:3rem\">\n<div class=\"wp-block-column is-layout-constrained wp-container-core-column-is-layout-bd00e30b wp-block-column-is-layout-constrained\" style=\"padding-bottom:1rem\">\n<div class=\"wp-block-group has-background\" style=\"background-color:#ffffff;padding-top:0px;padding-right:0px;padding-bottom:0px;padding-left:0px\"><div class=\"wp-block-group__inner-container is-layout-constrained wp-container-core-group-is-layout-a05b0708 wp-block-group-is-layout-constrained\">\n<div class=\"wp-block-group is-vertical is-content-justification-center is-layout-flex wp-container-core-group-is-layout-4853c326 wp-block-group-is-layout-flex\" style=\"padding-top:2.1rem;padding-bottom:2.1rem\">\n<figure class=\"wp-block-image size-large is-resized\"><img decoding=\"async\" src=\"https:\/\/tyler.com\/wp-content\/uploads\/2023\/11\/stone-quotes.svg\" alt=\"\" class=\"wp-image-1465\" style=\"aspect-ratio:1.164179104477612;object-fit:cover;width:30px\"\/><\/figure>\n\n\n\n<h3 class=\"wp-block-heading has-text-align-left has-text-color\" style=\"color:#1c2a45;margin-top:1rem;font-size:1.1rem;font-style:normal;font-weight:700\">Samedi 04 juillet 2026<\/h3>\n\n\n\n<p class=\"has-text-align-left has-text-color has-link-color wp-elements-efa44ee4d4749a16f2731cd6982fcd63\" style=\"color:#3f3f3f;font-size:0.9rem\">La remise des bordereaux aura<br>lieu sur pr\u00e9sentation d\u2019une<br>preuve de r\u00e9ussite au Bac II.<\/p>\n\n\n\n<p class=\"has-text-align-left has-text-color has-link-color wp-elements-4f1d18bd020b260604fb25ceebca77d9\" style=\"color:#3f3f3f;font-size:0.9rem\"><\/p>\n\n\n\n<div class=\"wp-block-group is-nowrap is-layout-flex wp-container-core-group-is-layout-e2d4944f wp-block-group-is-layout-flex\">\n<p class=\"has-text-color\" style=\"color:#1173c5;margin-top:1rem;font-size:2rem;line-height:1\">\u2014<\/p>\n\n\n\n<div class=\"wp-block-buttons is-layout-flex wp-block-buttons-is-layout-flex\"><\/div>\n<\/div>\n<\/div>\n<\/div><\/div>\n<\/div>\n\n\n\n<div class=\"wp-block-column is-layout-constrained wp-container-core-column-is-layout-bd00e30b wp-block-column-is-layout-constrained\" style=\"padding-bottom:1rem\">\n<div class=\"wp-block-group has-background\" style=\"background-color:#ffffff;padding-top:0px;padding-right:0px;padding-bottom:0px;padding-left:0px\"><div class=\"wp-block-group__inner-container is-layout-constrained wp-container-core-group-is-layout-a05b0708 wp-block-group-is-layout-constrained\">\n<div class=\"wp-block-group is-vertical is-content-justification-center is-layout-flex wp-container-core-group-is-layout-4853c326 wp-block-group-is-layout-flex\" style=\"padding-top:2.1rem;padding-bottom:2.1rem\">\n<h3 class=\"wp-block-heading has-text-align-center has-text-color\" style=\"color:#1c2a45;margin-top:1rem;font-size:1.1rem;font-style:normal;font-weight:700\">Frais d\u2019inscription :<br>7 500 Gourdes<br>(Non remboursable)<\/h3>\n\n\n\n<p class=\"has-text-align-left\"><\/p>\n\n\n\n<p class=\"has-text-align-left has-text-color has-link-color wp-elements-397f81ad53e426b6e9b1a307f5531548\" style=\"color:#3f3f3f;font-size:0.9rem\">N.B. : Le montant doit \u00eatre<br>dans dans une enveloppe.<\/p>\n\n\n\n<p class=\"has-text-align-left has-text-color has-link-color wp-elements-4f1d18bd020b260604fb25ceebca77d9\" style=\"color:#3f3f3f;font-size:0.9rem\"><\/p>\n\n\n\n<div class=\"wp-block-group is-nowrap is-layout-flex wp-container-core-group-is-layout-e2d4944f wp-block-group-is-layout-flex\">\n<p class=\"has-text-color\" style=\"color:#1173c5;margin-top:1rem;font-size:2rem;line-height:1\">\u2014<\/p>\n\n\n\n<div class=\"wp-block-buttons is-layout-flex wp-block-buttons-is-layout-flex\"><\/div>\n<\/div>\n<\/div>\n<\/div><\/div>\n<\/div>\n<\/div>\n<\/div><\/section>\n\n\n\n<section class=\"wp-block-group alignfull has-text-color\" style=\"color:#3f3f3f;margin-top:0px;padding-top:4.01rem;padding-right:1rem;padding-bottom:4.8rem;padding-left:1rem;font-size:1.13rem;line-height:1.4\"><div class=\"wp-block-group__inner-container is-layout-constrained wp-container-core-group-is-layout-ccd48cf7 wp-block-group-is-layout-constrained\">\n<div class=\"wp-block-group\"><div class=\"wp-block-group__inner-container is-layout-constrained wp-container-core-group-is-layout-07f06b31 wp-block-group-is-layout-constrained\">\n<div class=\"wp-block-columns is-layout-flex wp-container-core-columns-is-layout-e4713f81 wp-block-columns-is-layout-flex\" style=\"margin-bottom:1.01rem;padding-left:1rem\">\n<div class=\"wp-block-column is-content-justification-left is-layout-constrained wp-container-core-column-is-layout-9399462b wp-block-column-is-layout-constrained\" style=\"padding-top:42px;flex-basis:50%\">\n<div class=\"wp-block-group is-content-justification-left\" style=\"margin-bottom:2rem\"><div class=\"wp-block-group__inner-container is-layout-constrained wp-container-core-group-is-layout-82ec0725 wp-block-group-is-layout-constrained\">\n<h2 class=\"wp-block-heading has-text-align-left has-text-color\" style=\"color:#141e31;margin-bottom:0rem;font-size:2.9rem;font-style:normal;font-weight:500;line-height:1;text-transform:uppercase\"><strong>Contactez-nous<\/strong><\/h2>\n<\/div><\/div>\n\n\n\n<div class=\"wp-block-group is-content-justification-left\" style=\"padding-right:10%\"><div class=\"wp-block-group__inner-container is-layout-constrained wp-container-core-group-is-layout-90d83caf wp-block-group-is-layout-constrained\">\n<p class=\"has-text-color\" style=\"color:#3f3f3f;font-size:0.9rem;font-style:normal;font-weight:400\">Rejoignez notre communaut\u00e9 d&rsquo;excellence<\/p>\n<\/div><\/div>\n\n\n\n<div class=\"wp-block-group is-vertical is-content-justification-left is-nowrap is-layout-flex wp-container-core-group-is-layout-5f9c5f8e wp-block-group-is-layout-flex\" style=\"margin-top:2rem;padding-right:0px;padding-left:0px\">\n<p class=\"has-text-color has-link-color wp-elements-b0fadcb2a09c94d7c10c2bf676eab824\" style=\"color:#3f3f3f;margin-bottom:0px;font-size:0.9rem;line-height:1.2;text-transform:uppercase\"><strong>Adresse:<\/strong><\/p>\n\n\n\n<p>98, Christ-Roi, Bourdon<\/p>\n\n\n\n<p class=\"has-text-color has-link-color wp-elements-b2a024696e4f1a2660b6e69bd0fdf01b\" style=\"color:#3f3f3f;margin-bottom:0px;font-size:0.9rem;line-height:1.2;text-transform:uppercase\">Port-au-Prince, Ha\u00efti<\/p>\n\n\n\n<p><strong>Email<\/strong>:<\/p>\n\n\n\n<p>secretariatckss@gmail.com<\/p>\n\n\n\n<div class=\"wp-block-group is-nowrap is-layout-flex wp-container-core-group-is-layout-33838040 wp-block-group-is-layout-flex\" style=\"margin-top:0px\">\n<figure class=\"wp-block-image size-large is-resized\"><img decoding=\"async\" src=\"https:\/\/tyler.com\/wp-content\/uploads\/2023\/11\/stone-phone.svg\" alt=\"\" class=\"wp-image-1467\" style=\"width:20px\"\/><\/figure>\n\n\n\n<div class=\"wp-block-buttons is-horizontal is-content-justification-left is-layout-flex wp-container-core-buttons-is-layout-311d1890 wp-block-buttons-is-layout-flex\" style=\"margin-top:0.5rem\">\n<div class=\"wp-block-button is-style-fill\"><a class=\"wp-block-button__link has-text-color has-background has-custom-font-size wp-element-button\" style=\"border-style:none;border-width:0px;border-radius:0rem;color:#141e31;background-color:#ffffff;padding-top:0.5rem;padding-right:0.5rem;padding-bottom:0.5rem;padding-left:0.5rem;font-size:1.2rem;font-style:normal;font-weight:600;line-height:1.5\">Call: +509 <strong>3753-0783<\/strong><\/a><\/div>\n<\/div>\n<\/div>\n<\/div>\n<\/div>\n\n\n\n<div class=\"wp-block-column is-layout-flow wp-block-column-is-layout-flow\" style=\"padding-top:0px;padding-right:0px;padding-bottom:0px;padding-left:0px;flex-basis:50%\">\n<div class=\"wp-block-group\" style=\"margin-top:0rem;padding-top:0px;padding-right:0px;padding-bottom:0px;padding-left:0px\"><div class=\"wp-block-group__inner-container is-layout-constrained wp-container-core-group-is-layout-a23a456e wp-block-group-is-layout-constrained\"><div class=\"wpforms-container wpforms-block wpforms-block-49b992c4-728b-4e65-9265-f57c0523aa29\" id=\"wpforms-11\"><form id=\"wpforms-form-11\" class=\"wpforms-validate wpforms-form\" data-formid=\"11\" method=\"post\" enctype=\"multipart\/form-data\" action=\"\/index.php?rest_route=%2Fwp%2Fv2%2Fpages%2F3037\" data-token=\"b28d02fa3cadc41e1417a3b707b50563\" data-token-time=\"1776446813\"><noscript class=\"wpforms-error-noscript\">Veuillez activer JavaScript dans votre navigateur pour remplir ce formulaire.<\/noscript><div class=\"wpforms-field-container\"><div id=\"wpforms-11-field_0-container\" class=\"wpforms-field wpforms-field-name\" data-field-id=\"0\"><label class=\"wpforms-field-label wpforms-label-hide\" for=\"wpforms-11-field_0\">Name <span class=\"wpforms-required-label\">*<\/span><\/label><input type=\"text\" id=\"wpforms-11-field_0\" class=\"wpforms-field-large wpforms-field-required\" name=\"wpforms[fields][0]\" placeholder=\"Full name\" required><\/div><div id=\"wpforms-11-field_1-container\" class=\"wpforms-field wpforms-field-email\" data-field-id=\"1\"><label class=\"wpforms-field-label wpforms-label-hide\" for=\"wpforms-11-field_1\">Email <span class=\"wpforms-required-label\">*<\/span><\/label><input type=\"email\" id=\"wpforms-11-field_1\" class=\"wpforms-field-large wpforms-field-required\" name=\"wpforms[fields][1]\" placeholder=\"Email address\" spellcheck=\"false\" required><\/div><div id=\"wpforms-11-field_3-container\" class=\"wpforms-field wpforms-field-text\" data-field-id=\"3\"><label class=\"wpforms-field-label wpforms-label-hide\" for=\"wpforms-11-field_3\">Single Line Text <span class=\"wpforms-required-label\">*<\/span><\/label><input type=\"text\" id=\"wpforms-11-field_3\" class=\"wpforms-field-large wpforms-field-required\" name=\"wpforms[fields][3]\" placeholder=\"Subject\" required><\/div><div id=\"wpforms-11-field_2-container\" class=\"wpforms-field wpforms-field-textarea\" data-field-id=\"2\"><label class=\"wpforms-field-label wpforms-label-hide\" for=\"wpforms-11-field_2\">Message <span class=\"wpforms-required-label\">*<\/span><\/label><textarea id=\"wpforms-11-field_2\" class=\"wpforms-field-medium wpforms-field-required\" name=\"wpforms[fields][2]\" placeholder=\"Your message\" required><\/textarea><\/div><\/div><!-- .wpforms-field-container --><div class=\"wpforms-submit-container\" ><input type=\"hidden\" name=\"wpforms[id]\" value=\"11\"><input type=\"hidden\" name=\"page_title\" value=\"\"><input type=\"hidden\" name=\"page_url\" value=\"https:\/\/christthekingsecretarialschool.com\/index.php?rest_route=\/wp\/v2\/pages\/3037\"><input type=\"hidden\" name=\"url_referer\" value=\"\"><button type=\"submit\" name=\"wpforms[submit]\" id=\"wpforms-submit-11\" class=\"wpforms-submit\" data-alt-text=\"Sending...\" data-submit-text=\"Submit\" aria-live=\"assertive\" value=\"wpforms-submit\">Submit<\/button><\/div><\/form><\/div>  <!-- .wpforms-container --><\/div><\/div>\n<\/div>\n<\/div>\n<\/div><\/div>\n<\/div><\/section>\n","protected":false},"excerpt":{"rendered":"<p>Dates des Inscriptions Les samedis : 11 avril 202618 avril 202625 avril 202609 mai 202616 mai 2026Heures : De 8h00 A.M \u00e0 12h00 P.M Conditions&hellip;<\/p>\n","protected":false},"author":1,"featured_media":0,"parent":0,"menu_order":0,"comment_status":"closed","ping_status":"closed","template":"","meta":{"footnotes":""},"class_list":["post-3037","page","type-page","status-publish","hentry"],"_hostinger_reach_plugin_has_subscription_block":false,"_hostinger_reach_plugin_is_elementor":false,"_links":{"self":[{"href":"https:\/\/christthekingsecretarialschool.com\/index.php?rest_route=\/wp\/v2\/pages\/3037","targetHints":{"allow":["GET"]}}],"collection":[{"href":"https:\/\/christthekingsecretarialschool.com\/index.php?rest_route=\/wp\/v2\/pages"}],"about":[{"href":"https:\/\/christthekingsecretarialschool.com\/index.php?rest_route=\/wp\/v2\/types\/page"}],"author":[{"embeddable":true,"href":"https:\/\/christthekingsecretarialschool.com\/index.php?rest_route=\/wp\/v2\/users\/1"}],"replies":[{"embeddable":true,"href":"https:\/\/christthekingsecretarialschool.com\/index.php?rest_route=%2Fwp%2Fv2%2Fcomments&post=3037"}],"version-history":[{"count":24,"href":"https:\/\/christthekingsecretarialschool.com\/index.php?rest_route=\/wp\/v2\/pages\/3037\/revisions"}],"predecessor-version":[{"id":3072,"href":"https:\/\/christthekingsecretarialschool.com\/index.php?rest_route=\/wp\/v2\/pages\/3037\/revisions\/3072"}],"wp:attachment":[{"href":"https:\/\/christthekingsecretarialschool.com\/index.php?rest_route=%2Fwp%2Fv2%2Fmedia&parent=3037"}],"curies":[{"name":"wp","href":"https:\/\/api.w.org\/{rel}","templated":true}]}}